{"id":124,"date":"2020-01-13T10:09:45","date_gmt":"2020-01-13T10:09:45","guid":{"rendered":"https:\/\/forworld.redemptor.pl\/?page_id=124"},"modified":"2021-01-03T18:38:17","modified_gmt":"2021-01-03T17:38:17","slug":"sobre-el-proyecto","status":"publish","type":"page","link":"https:\/\/forworld.redemptor.pl\/es\/sobre-el-proyecto\/","title":{"rendered":"Sobre el proyecto"},"content":{"rendered":"<p>\u00a1Conoce, entiende, acoge y vive!<\/p>\n<p><strong>\u00a1Stop! P\u00e1rate. Mira. En 2021 ForWorld tiene para ti una nueva dosis de materiales para ver, escuchar o leer (dependiendo de lo que prefieras), presentada en cuatro apartados: EL ABC DE LA VIDA ESPIRITUAL, J\u00d3VENES PARA J\u00d3VENES, IGLESIA CAT\u00d3LICA PARA \u00c9L y MISI\u00d3N EN FAMILIA. Todo lo que sacamos el a\u00f1o pasado sigue estando disponible para ti. \u00a1Echa un vistazo al men\u00fa principal!<\/strong><\/p>\n<p><strong>EL ABC DE LA VIDA ESPIRITUAL \u2013 <\/strong>La vida espiritual \u00bfqu\u00e9 es? \u00bfC\u00f3mo crecer en ella? \u00bfQu\u00e9 influencia tiene en mi vida? \u00bfQu\u00e9 tiene que ver con las relaciones interpersonales? Son s\u00f3lo algunas de las preguntas a las cuales responde la serie \u201cEl ABC de la vida espiritual\u201d, dirigida por el p. Marek Koty\u0144ski, CSsR.<\/p>\n<p><strong>J\u00d3VENES PARA J\u00d3VENES \u2013 <\/strong>\u00bfQu\u00e9 es el verdadero amor? \u00bfC\u00f3mo amar? \u00bfLa realidad del amor y la libertad en el siglo XXI para un joven? Preguntas dif\u00edciles, pero no nos asustan los retos y a trav\u00e9s de esta serie de conversaciones intentaremos encontrar respuestas a estas y muchas otras preguntas.<\/p>\n<p><strong>IGLESIA CAT\u00d3LICA PARA \u00c9L \u2013 <\/strong>Seguramente hayas escuchado la afirmaci\u00f3n de que la Iglesia es un poco cosa de mujeres, que falta en ella algo para hombres. \u00a1Demostraremos que no es as\u00ed! En esta serie te mostraremos c\u00f3mo ellos tienen su lugar y tarea concreta en la Iglesia.<\/p>\n<p><strong>MISI\u00d3N EN FAMILIA<\/strong> \u2013 Desde esa peque\u00f1a comunidad de Scala, los redentoristas, a lo largo de casi 300 a\u00f1os, se han convertido en una Congregaci\u00f3n de unos cuantos miles de miembros, extendida por todo el mundo. En todas partes tienen un objetivo: anunciar la Sobreabundante Redenci\u00f3n a los m\u00e1s pobres y abandonados. Observa c\u00f3mo los redentoristas anuncian el loco amor del Redentor por los diferentes rincones del orbe.<\/p>\n<p>Esto y mucho m\u00e1s os espera este a\u00f1o 2021. Os invitamos a familiarizaros con lo que ya hemos recorrido y a seguir los nuevos contenidos en nuestras p\u00e1ginas, canales y perfiles:<\/p>\n<p><a href=\"https:\/\/www.youtube.com\/channel\/UC4kXfSYLPStTBxiy0mdu1Cw\/featured\">https:\/\/www.youtube.com\/channel\/UC4kXfSYLPStTBxiy0mdu1Cw\/featured<\/a><\/p>\n<p><a href=\"https:\/\/www.facebook.com\/ForWorldcssr\">https:\/\/www.facebook.com\/ForWorldcssr<\/a><\/p>\n<p><a href=\"https:\/\/www.instagram.com\/forworldcssr\/\">https:\/\/www.instagram.com\/forworldcssr\/<\/a><\/p>\n<p><a href=\"https:\/\/twitter.com\/ForWorldcssr\">https:\/\/twitter.com\/ForWorldcssr<\/a><\/p>\n<p>Contacto:<\/p>\n<p><a href=\"mailto:forworldcssr@gmail.com\">forworldcssr@gmail.com<\/a>, 533 493 970, Wysoka 1, 33-170 Tuch\u00f3w, Polonia<\/p>\n","protected":false},"excerpt":{"rendered":"<p>\u00a1Conoce, entiende, acoge y vive! \u00a1Stop! P\u00e1rate. Mira. En 2021 ForWorld tiene para ti una nueva dosis de materiales para ver, escuchar o leer (dependiendo de lo que prefieras), presentada en cuatro apartados: EL ABC DE LA VIDA ESPIRITUAL, J\u00d3VENES PARA J\u00d3VENES, IGLESIA CAT\u00d3LICA PARA \u00c9L y MISI\u00d3N EN FAMILIA. Todo lo que sacamos el [&hellip;]<\/p>\n","protected":false},"author":1,"featured_media":0,"parent":0,"menu_order":0,"comment_status":"closed","ping_status":"closed","template":"","meta":{"_acf_changed":false,"footnotes":""},"class_list":["post-124","page","type-page","status-publish","hentry"],"acf":[],"_links":{"self":[{"href":"https:\/\/forworld.redemptor.pl\/es\/wp-json\/wp\/v2\/pages\/124"}],"collection":[{"href":"https:\/\/forworld.redemptor.pl\/es\/wp-json\/wp\/v2\/pages"}],"about":[{"href":"https:\/\/forworld.redemptor.pl\/es\/wp-json\/wp\/v2\/types\/page"}],"author":[{"embeddable":true,"href":"https:\/\/forworld.redemptor.pl\/es\/wp-json\/wp\/v2\/users\/1"}],"replies":[{"embeddable":true,"href":"https:\/\/forworld.redemptor.pl\/es\/wp-json\/wp\/v2\/comments?post=124"}],"version-history":[{"count":4,"href":"https:\/\/forworld.redemptor.pl\/es\/wp-json\/wp\/v2\/pages\/124\/revisions"}],"predecessor-version":[{"id":3758,"href":"https:\/\/forworld.redemptor.pl\/es\/wp-json\/wp\/v2\/pages\/124\/revisions\/3758"}],"wp:attachment":[{"href":"https:\/\/forworld.redemptor.pl\/es\/wp-json\/wp\/v2\/media?parent=124"}],"curies":[{"name":"wp","href":"https:\/\/api.w.org\/{rel}","templated":true}]}}